{"id":21664,"date":"2023-08-31T07:45:06","date_gmt":"2023-08-31T07:45:06","guid":{"rendered":"https:\/\/www.beriain.es\/?page_id=21664"},"modified":"2023-08-31T07:45:06","modified_gmt":"2023-08-31T07:45:06","slug":"salaketen-postontzia","status":"publish","type":"page","link":"https:\/\/www.beriain.es\/eu\/salaketen-postontzia\/","title":{"rendered":"Salaketen postontzia"},"content":{"rendered":"<p>Postontzi honen bidez bidalitako salaketak indarrean dagoen legediaren, kodeen, politiken eta erakunde horren barruan egindako edozein jarduera irregular edo desegokiren aurkakoak izan behar dira.<\/p><h3 class='titulo_den'>Salaketa berria<\/h3><form method='POST' enctype='multipart\/form-data'><div class='form-group'><label for='asunto'>Gaia<span class='required'>*<\/span><\/label><input id='asunto' class='form-control' type='text' name='asunto' value='' \/><\/div><div class='form-group'><p class='form-text text-muted'>Gertaerak ahalik eta zehatzen eta zehatzen deskribatu behar dira, eta egiaztapena errazten duen edozein dokumentazio edo froga-elementu aurkeztu behar da. Informazio sentikorra ematea gomendatzen da, erantsitako fitxategi baten bidez.<\/p><label for='descripcion'>Deskribapen<span class='required'>*<\/span><\/label><textarea id='descripcion' class='form-control' name='descripcion'><\/textarea><\/div><div class='form-group'><label for='adjunto'>Erantsi fitxategia<\/label><input id='adjunto' class='form-control' type='file' name='adjunto' value='' \/><small>Tipos de fichero v\u00e1lidos: jpeg, gif, png, tiff, webp y pdf<\/small><\/div><hr><div class='h4'>Harremanetarako datuak<\/div><p>Konfidentzialtasun osoa gordeko da nortasunari dagokionez. Harremanetarako daturik ematen ez badu, uko egiten dio jakinarazpena jasotzeko eskubideari.<\/p><div class='form-group'><label for='nombre'>Izen-abizenak<\/label><input id='nombre' class='form-control' type='text' name='nombre' value='' \/><\/div><div class='form-group'><label for='email'>Emaila<\/label><input id='email' class='form-control' type='text' name='email' value='' \/><\/div><div class='form-group'><input class='btn btn-default btn-denuncias' type='submit' name='enviar' value='Bidali' \/><\/div><table class='denuncias-lopd'><tbody><tr><th scope='row'>Erantzule<\/th><td>Ayuntamiento de Beriain<\/td><\/tr><tr><th scope='row'>Helburu<\/th><td><p>Gesti\u00f3n, tramitaci\u00f3n e investigaci\u00f3n de las comunicaciones que lleguen a trav\u00e9s del canal de denuncias.<\/p><p>Mantenimiento del libro registro con las informaciones recibidas y las investigaciones internas que hayan dado lugar, de conformidad con el art. 26 de la Ley 2\/2023.<\/p><\/td><\/tr><tr><th scope='row'>Legitimazioari<\/th><td><p>Tratamiento necesario para el cumplimiento de una obligaci\u00f3n legal aplicable al responsable de tratamiento (art. 6.1.c RGPD)<\/p><p>Ley 2\/2023, de 20 de febrero, reguladora de la protecci\u00f3n de las personas que informen sobre infracciones normativas y de lucha contra la corrupci\u00f3n.<\/p><\/td><\/tr><tr><th scope='row'>Eskubideak<\/th><td>Acceso, rectificaci\u00f3n, supresi\u00f3n y otros como se indica en la informaci\u00f3n ampliada.<\/td><\/tr><tr><th scope='row'>Informazio gehigarri<\/th><td>La informaci\u00f3n ampliada se puede consultar en el apartado de <a href=\"11548\">Protecci\u00f3n de datos de la web<\/a> o contactando con el delegado de protecci\u00f3n de datos (<a href=\"mailto:dpd@beriain.es\">dpd@beriain.es<\/a>)<\/td><\/tr><\/tbody><tfoot><tr><td colspan='2'>Datuen babesari buruzko oinarrizko informazioa<\/td><\/tfoot><\/table><input type='hidden' id='g-recaptcha-response' name='g-recaptcha-response'><input type='hidden' name='action' value='validate_captcha'><\/form><script src='https:\/\/www.google.com\/recaptcha\/api.js?render=6Ldu-mYpAAAAAC71Xbe2ryqpNJ0__A4bKFr1sgNX'><\/script><script>grecaptcha.ready(function() {\n\t\t \n\t\t grecaptcha.execute('6Ldu-mYpAAAAAC71Xbe2ryqpNJ0__A4bKFr1sgNX', {action:'validate_captcha'})\n                .then(function(token) {\n\t\t\t document.getElementById('g-recaptcha-response').value = token;\n\t\t });\n    });\n\t<\/script>\n<h3 id='buscador-denuncias' class='titulo_den'>Kontsultatu salaketa-egoera<\/h3><form method='GET' action='\/eu\/wp-json\/wp\/v2\/pages\/21664#buscador-denuncias'><p>Salaketa egin zenuenean mezu elektroniko bat eman bazenuen, sar ezazu eman zitzaizun salaketa-zenbakia<\/p><div class='form-group'><label for='incidencia-email'>Salaketa-kodea \/ Posta elektronikoa:<\/label><input type='text' name='denuncia' id='incidencia-email' class='form-control' value='' \/><\/div><div class='form-group'><input type='submit' class='btn btn-default btn-denuncias' value='Bilatu' \/><\/div><\/form>\n","protected":false},"excerpt":{"rendered":"","protected":false},"author":1,"featured_media":0,"parent":0,"menu_order":0,"comment_status":"closed","ping_status":"closed","template":"","meta":{"_exactmetrics_skip_tracking":false,"_exactmetrics_sitenote_active":false,"_exactmetrics_sitenote_note":"","_exactmetrics_sitenote_category":0,"footnotes":""},"class_list":["post-21664","page","type-page","status-publish","hentry"],"yoast_head":"<!-- This site is optimized with the Yoast SEO plugin v26.5 - https:\/\/yoast.com\/wordpress\/plugins\/seo\/ -->\r\n<title>Salaketen postontzia - Ayuntamiento de Beriain<\/title>\r\n<meta name=\"robots\" content=\"index, follow, max-snippet:-1, max-image-preview:large, max-video-preview:-1\" \/>\r\n<link rel=\"canonical\" href=\"https:\/\/www.beriain.es\/eu\/salaketen-postontzia\/\" \/>\r\n<meta property=\"og:locale\" content=\"eu_ES\" \/>\r\n<meta property=\"og:type\" content=\"article\" \/>\r\n<meta property=\"og:title\" content=\"Salaketen postontzia - Ayuntamiento de Beriain\" \/>\r\n<meta property=\"og:url\" content=\"https:\/\/www.beriain.es\/eu\/salaketen-postontzia\/\" \/>\r\n<meta property=\"og:site_name\" content=\"Ayuntamiento de Beriain\" \/>\r\n<meta property=\"article:publisher\" content=\"https:\/\/es-es.facebook.com\/ayuntamiento.beriain\" \/>\r\n<meta name=\"twitter:card\" content=\"summary_large_image\" \/>\r\n<script type=\"application\/ld+json\" class=\"yoast-schema-graph\">{\"@context\":\"https:\/\/schema.org\",\"@graph\":[{\"@type\":\"WebPage\",\"@id\":\"https:\/\/www.beriain.es\/eu\/salaketen-postontzia\/\",\"url\":\"https:\/\/www.beriain.es\/eu\/salaketen-postontzia\/\",\"name\":\"Salaketen postontzia - Ayuntamiento de Beriain\",\"isPartOf\":{\"@id\":\"https:\/\/www.beriain.es\/eu\/#website\"},\"datePublished\":\"2023-08-31T07:45:06+00:00\",\"breadcrumb\":{\"@id\":\"https:\/\/www.beriain.es\/eu\/salaketen-postontzia\/#breadcrumb\"},\"inLanguage\":\"eu-ES\",\"potentialAction\":[{\"@type\":\"ReadAction\",\"target\":[\"https:\/\/www.beriain.es\/eu\/salaketen-postontzia\/\"]}]},{\"@type\":\"BreadcrumbList\",\"@id\":\"https:\/\/www.beriain.es\/eu\/salaketen-postontzia\/#breadcrumb\",\"itemListElement\":[{\"@type\":\"ListItem\",\"position\":1,\"name\":\"Home\",\"item\":\"https:\/\/www.beriain.es\/eu\/\"},{\"@type\":\"ListItem\",\"position\":2,\"name\":\"Salaketen postontzia\"}]},{\"@type\":\"WebSite\",\"@id\":\"https:\/\/www.beriain.es\/eu\/#website\",\"url\":\"https:\/\/www.beriain.es\/eu\/\",\"name\":\"Ayuntamiento de Beriain\",\"description\":\"Sitio web del Ayuntamiento de Beriain\",\"publisher\":{\"@id\":\"https:\/\/www.beriain.es\/eu\/#organization\"},\"potentialAction\":[{\"@type\":\"SearchAction\",\"target\":{\"@type\":\"EntryPoint\",\"urlTemplate\":\"https:\/\/www.beriain.es\/eu\/?s={search_term_string}\"},\"query-input\":{\"@type\":\"PropertyValueSpecification\",\"valueRequired\":true,\"valueName\":\"search_term_string\"}}],\"inLanguage\":\"eu-ES\"},{\"@type\":\"Organization\",\"@id\":\"https:\/\/www.beriain.es\/eu\/#organization\",\"name\":\"Ayuntamiento de Beriain\",\"url\":\"https:\/\/www.beriain.es\/eu\/\",\"logo\":{\"@type\":\"ImageObject\",\"inLanguage\":\"eu-ES\",\"@id\":\"https:\/\/www.beriain.es\/eu\/#\/schema\/logo\/image\/\",\"url\":\"https:\/\/www.beriain.es\/wp-content\/uploads\/2021\/09\/Escudo-Beriain-1.jpg\",\"contentUrl\":\"https:\/\/www.beriain.es\/wp-content\/uploads\/2021\/09\/Escudo-Beriain-1.jpg\",\"width\":300,\"height\":143,\"caption\":\"Ayuntamiento de Beriain\"},\"image\":{\"@id\":\"https:\/\/www.beriain.es\/eu\/#\/schema\/logo\/image\/\"},\"sameAs\":[\"https:\/\/es-es.facebook.com\/ayuntamiento.beriain\",\"https:\/\/www.instagram.com\/ayuntamientodeberiain\/\"]}]}<\/script>\r\n<!-- \/ Yoast SEO plugin. -->","yoast_head_json":{"title":"Salaketen postontzia - Ayuntamiento de Beriain","robots":{"index":"index","follow":"follow","max-snippet":"max-snippet:-1","max-image-preview":"max-image-preview:large","max-video-preview":"max-video-preview:-1"},"canonical":"https:\/\/www.beriain.es\/eu\/salaketen-postontzia\/","og_locale":"eu_ES","og_type":"article","og_title":"Salaketen postontzia - Ayuntamiento de Beriain","og_url":"https:\/\/www.beriain.es\/eu\/salaketen-postontzia\/","og_site_name":"Ayuntamiento de Beriain","article_publisher":"https:\/\/es-es.facebook.com\/ayuntamiento.beriain","twitter_card":"summary_large_image","schema":{"@context":"https:\/\/schema.org","@graph":[{"@type":"WebPage","@id":"https:\/\/www.beriain.es\/eu\/salaketen-postontzia\/","url":"https:\/\/www.beriain.es\/eu\/salaketen-postontzia\/","name":"Salaketen postontzia - Ayuntamiento de Beriain","isPartOf":{"@id":"https:\/\/www.beriain.es\/eu\/#website"},"datePublished":"2023-08-31T07:45:06+00:00","breadcrumb":{"@id":"https:\/\/www.beriain.es\/eu\/salaketen-postontzia\/#breadcrumb"},"inLanguage":"eu-ES","potentialAction":[{"@type":"ReadAction","target":["https:\/\/www.beriain.es\/eu\/salaketen-postontzia\/"]}]},{"@type":"BreadcrumbList","@id":"https:\/\/www.beriain.es\/eu\/salaketen-postontzia\/#breadcrumb","itemListElement":[{"@type":"ListItem","position":1,"name":"Home","item":"https:\/\/www.beriain.es\/eu\/"},{"@type":"ListItem","position":2,"name":"Salaketen postontzia"}]},{"@type":"WebSite","@id":"https:\/\/www.beriain.es\/eu\/#website","url":"https:\/\/www.beriain.es\/eu\/","name":"Ayuntamiento de Beriain","description":"Sitio web del Ayuntamiento de Beriain","publisher":{"@id":"https:\/\/www.beriain.es\/eu\/#organization"},"potentialAction":[{"@type":"SearchAction","target":{"@type":"EntryPoint","urlTemplate":"https:\/\/www.beriain.es\/eu\/?s={search_term_string}"},"query-input":{"@type":"PropertyValueSpecification","valueRequired":true,"valueName":"search_term_string"}}],"inLanguage":"eu-ES"},{"@type":"Organization","@id":"https:\/\/www.beriain.es\/eu\/#organization","name":"Ayuntamiento de Beriain","url":"https:\/\/www.beriain.es\/eu\/","logo":{"@type":"ImageObject","inLanguage":"eu-ES","@id":"https:\/\/www.beriain.es\/eu\/#\/schema\/logo\/image\/","url":"https:\/\/www.beriain.es\/wp-content\/uploads\/2021\/09\/Escudo-Beriain-1.jpg","contentUrl":"https:\/\/www.beriain.es\/wp-content\/uploads\/2021\/09\/Escudo-Beriain-1.jpg","width":300,"height":143,"caption":"Ayuntamiento de Beriain"},"image":{"@id":"https:\/\/www.beriain.es\/eu\/#\/schema\/logo\/image\/"},"sameAs":["https:\/\/es-es.facebook.com\/ayuntamiento.beriain","https:\/\/www.instagram.com\/ayuntamientodeberiain\/"]}]}},"_links":{"self":[{"href":"https:\/\/www.beriain.es\/eu\/wp-json\/wp\/v2\/pages\/21664","targetHints":{"allow":["GET"]}}],"collection":[{"href":"https:\/\/www.beriain.es\/eu\/wp-json\/wp\/v2\/pages"}],"about":[{"href":"https:\/\/www.beriain.es\/eu\/wp-json\/wp\/v2\/types\/page"}],"author":[{"embeddable":true,"href":"https:\/\/www.beriain.es\/eu\/wp-json\/wp\/v2\/users\/1"}],"replies":[{"embeddable":true,"href":"https:\/\/www.beriain.es\/eu\/wp-json\/wp\/v2\/comments?post=21664"}],"version-history":[{"count":1,"href":"https:\/\/www.beriain.es\/eu\/wp-json\/wp\/v2\/pages\/21664\/revisions"}],"predecessor-version":[{"id":21665,"href":"https:\/\/www.beriain.es\/eu\/wp-json\/wp\/v2\/pages\/21664\/revisions\/21665"}],"wp:attachment":[{"href":"https:\/\/www.beriain.es\/eu\/wp-json\/wp\/v2\/media?parent=21664"}],"curies":[{"name":"wp","href":"https:\/\/api.w.org\/{rel}","templated":true}]}}