{"id":14584,"date":"2016-01-28T10:55:38","date_gmt":"2016-01-28T10:55:38","guid":{"rendered":"http:\/\/www.beriain.es\/udala\/udalaren-antolaketa\/grupos-municipales\/"},"modified":"2023-06-27T15:41:30","modified_gmt":"2023-06-27T15:41:30","slug":"udal-taldeak","status":"publish","type":"page","link":"https:\/\/www.beriain.es\/eu\/udala\/udalaren-antolaketa\/udal-taldeak\/","title":{"rendered":"Udal Taldeak"},"content":{"rendered":"<div id=\"contenido\">\n<h3>1. GRUPO MUNICIPAL DE A.B. &#8211; B.A.<\/h3>\n<p><img loading=\"lazy\" decoding=\"async\" class=\"alignnone wp-image-22 size-thumbnail\" src=\"\/wp-content\/uploads\/2016\/01\/ABBA-150x150.jpg\" alt=\"ABBA\" width=\"150\" height=\"150\" srcset=\"https:\/\/www.beriain.es\/wp-content\/uploads\/2016\/01\/ABBA-150x150.jpg 150w, https:\/\/www.beriain.es\/wp-content\/uploads\/2016\/01\/ABBA.jpg 160w\" sizes=\"auto, (max-width: 150px) 100vw, 150px\" \/><\/p>\n<p>N\u00famero de Concejales: 6.<\/p>\n<p><strong>Email:<\/strong>\u00a0<a href=\"mailto:adelanteberiain@gmail.com\">adelanteberiain@gmail.com<\/a><\/p>\n<h3>2. GRUPO MUNICIPAL DEL P.S.N.-P.S.O.E.<\/h3>\n<h3><img loading=\"lazy\" decoding=\"async\" class=\"alignnone wp-image-24 \" src=\"\/wp-content\/uploads\/2016\/01\/logo_psn.jpg\" alt=\"logo_psn\" width=\"136\" height=\"70\" \/><\/h3>\n<p>&nbsp;<\/p>\n<p>N\u00famero de Concejales: 2.<\/p>\n<p><strong>Email:<\/strong> <a title=\"Abrir\u00e1 su cliente de correo predeterminado\" href=\"mailto:grupo-psn@beriain.es\" target=\"_blank\" rel=\"noopener noreferrer\">psn-beriain@outlook.es<\/a><\/p>\n<h3>3. GRUPO MUNICIPAL DE U.P.N<\/h3>\n<h3><img loading=\"lazy\" decoding=\"async\" class=\"alignnone wp-image-21327\" src=\"https:\/\/www.beriain.es\/wp-content\/uploads\/2023\/06\/Logo_UPN_2017.svg_.png\" alt=\"\" width=\"174\" height=\"72\" srcset=\"https:\/\/www.beriain.es\/wp-content\/uploads\/2023\/06\/Logo_UPN_2017.svg_.png 1200w, https:\/\/www.beriain.es\/wp-content\/uploads\/2023\/06\/Logo_UPN_2017.svg_-300x125.png 300w, https:\/\/www.beriain.es\/wp-content\/uploads\/2023\/06\/Logo_UPN_2017.svg_-1024x425.png 1024w, https:\/\/www.beriain.es\/wp-content\/uploads\/2023\/06\/Logo_UPN_2017.svg_-768x319.png 768w, https:\/\/www.beriain.es\/wp-content\/uploads\/2023\/06\/Logo_UPN_2017.svg_-255x106.png 255w\" sizes=\"auto, (max-width: 174px) 100vw, 174px\" \/><\/h3>\n<p>&nbsp;<\/p>\n<p>N\u00famero de Concejales: 2.<\/p>\n<p><strong>Email:<\/strong><\/p>\n<h3>4. GRUPO MUNICIPAL DE P.P.<\/h3>\n<h3><img loading=\"lazy\" decoding=\"async\" class=\"alignnone wp-image-21329\" src=\"https:\/\/www.beriain.es\/wp-content\/uploads\/2023\/06\/Logo_del_PP_2022.svg_.png\" alt=\"\" width=\"135\" height=\"91\" srcset=\"https:\/\/www.beriain.es\/wp-content\/uploads\/2023\/06\/Logo_del_PP_2022.svg_.png 1200w, https:\/\/www.beriain.es\/wp-content\/uploads\/2023\/06\/Logo_del_PP_2022.svg_-300x202.png 300w, https:\/\/www.beriain.es\/wp-content\/uploads\/2023\/06\/Logo_del_PP_2022.svg_-1024x689.png 1024w, https:\/\/www.beriain.es\/wp-content\/uploads\/2023\/06\/Logo_del_PP_2022.svg_-768x517.png 768w, https:\/\/www.beriain.es\/wp-content\/uploads\/2023\/06\/Logo_del_PP_2022.svg_-171x115.png 171w\" sizes=\"auto, (max-width: 135px) 100vw, 135px\" \/><\/h3>\n<p>&nbsp;<\/p>\n<p>N\u00famero de Concejales: 1.<\/p>\n<p><strong>Email:<\/strong><\/p>\n<\/div>\n","protected":false},"excerpt":{"rendered":"<p>1. GRUPO MUNICIPAL DE A.B. &#8211; B.A. N\u00famero de Concejales: 6. Email:\u00a0adelanteberiain@gmail.com 2. GRUPO MUNICIPAL DEL P.S.N.-P.S.O.E. &nbsp; N\u00famero de Concejales: 2. Email: psn-beriain@outlook.es 3. GRUPO MUNICIPAL DE U.P.N &nbsp; N\u00famero de Concejales: 2. Email: 4. GRUPO MUNICIPAL DE P.P. &nbsp; N\u00famero de Concejales: 1. Email:<\/p>\n","protected":false},"author":1,"featured_media":0,"parent":14569,"menu_order":4,"comment_status":"closed","ping_status":"closed","template":"","meta":{"_exactmetrics_skip_tracking":false,"_exactmetrics_sitenote_active":false,"_exactmetrics_sitenote_note":"","_exactmetrics_sitenote_category":0,"footnotes":""},"class_list":["post-14584","page","type-page","status-publish","hentry"],"yoast_head":"<!-- This site is optimized with the Yoast SEO plugin v26.5 - https:\/\/yoast.com\/wordpress\/plugins\/seo\/ -->\r\n<title>Udal Taldeak - Ayuntamiento de Beriain<\/title>\r\n<meta name=\"robots\" content=\"index, follow, max-snippet:-1, max-image-preview:large, max-video-preview:-1\" \/>\r\n<link rel=\"canonical\" href=\"https:\/\/www.beriain.es\/eu\/udala\/udalaren-antolaketa\/udal-taldeak\/\" \/>\r\n<meta property=\"og:locale\" content=\"eu_ES\" \/>\r\n<meta property=\"og:type\" content=\"article\" \/>\r\n<meta property=\"og:title\" content=\"Udal Taldeak - Ayuntamiento de Beriain\" \/>\r\n<meta property=\"og:description\" content=\"1. GRUPO MUNICIPAL DE A.B. &#8211; B.A. N\u00famero de Concejales: 6. Email:\u00a0adelanteberiain@gmail.com 2. GRUPO MUNICIPAL DEL P.S.N.-P.S.O.E. &nbsp; N\u00famero de Concejales: 2. Email: psn-beriain@outlook.es 3. GRUPO MUNICIPAL DE U.P.N &nbsp; N\u00famero de Concejales: 2. Email: 4. GRUPO MUNICIPAL DE P.P. &nbsp; N\u00famero de Concejales: 1. Email:\" \/>\r\n<meta property=\"og:url\" content=\"https:\/\/www.beriain.es\/eu\/udala\/udalaren-antolaketa\/udal-taldeak\/\" \/>\r\n<meta property=\"og:site_name\" content=\"Ayuntamiento de Beriain\" \/>\r\n<meta property=\"article:publisher\" content=\"https:\/\/es-es.facebook.com\/ayuntamiento.beriain\" \/>\r\n<meta property=\"article:modified_time\" content=\"2023-06-27T15:41:30+00:00\" \/>\r\n<meta property=\"og:image\" content=\"https:\/\/www.beriain.es\/wp-content\/uploads\/2023\/06\/Logo_UPN_2017.svg_.png\" \/>\r\n<meta name=\"twitter:card\" content=\"summary_large_image\" \/>\r\n<script type=\"application\/ld+json\" class=\"yoast-schema-graph\">{\"@context\":\"https:\/\/schema.org\",\"@graph\":[{\"@type\":\"WebPage\",\"@id\":\"https:\/\/www.beriain.es\/eu\/udala\/udalaren-antolaketa\/udal-taldeak\/\",\"url\":\"https:\/\/www.beriain.es\/eu\/udala\/udalaren-antolaketa\/udal-taldeak\/\",\"name\":\"Udal Taldeak - Ayuntamiento de Beriain\",\"isPartOf\":{\"@id\":\"https:\/\/www.beriain.es\/eu\/#website\"},\"primaryImageOfPage\":{\"@id\":\"https:\/\/www.beriain.es\/eu\/udala\/udalaren-antolaketa\/udal-taldeak\/#primaryimage\"},\"image\":{\"@id\":\"https:\/\/www.beriain.es\/eu\/udala\/udalaren-antolaketa\/udal-taldeak\/#primaryimage\"},\"thumbnailUrl\":\"https:\/\/www.beriain.es\/wp-content\/uploads\/2023\/06\/Logo_UPN_2017.svg_.png\",\"datePublished\":\"2016-01-28T10:55:38+00:00\",\"dateModified\":\"2023-06-27T15:41:30+00:00\",\"breadcrumb\":{\"@id\":\"https:\/\/www.beriain.es\/eu\/udala\/udalaren-antolaketa\/udal-taldeak\/#breadcrumb\"},\"inLanguage\":\"eu-ES\",\"potentialAction\":[{\"@type\":\"ReadAction\",\"target\":[\"https:\/\/www.beriain.es\/eu\/udala\/udalaren-antolaketa\/udal-taldeak\/\"]}]},{\"@type\":\"ImageObject\",\"inLanguage\":\"eu-ES\",\"@id\":\"https:\/\/www.beriain.es\/eu\/udala\/udalaren-antolaketa\/udal-taldeak\/#primaryimage\",\"url\":\"https:\/\/www.beriain.es\/wp-content\/uploads\/2023\/06\/Logo_UPN_2017.svg_.png\",\"contentUrl\":\"https:\/\/www.beriain.es\/wp-content\/uploads\/2023\/06\/Logo_UPN_2017.svg_.png\"},{\"@type\":\"BreadcrumbList\",\"@id\":\"https:\/\/www.beriain.es\/eu\/udala\/udalaren-antolaketa\/udal-taldeak\/#breadcrumb\",\"itemListElement\":[{\"@type\":\"ListItem\",\"position\":1,\"name\":\"Home\",\"item\":\"https:\/\/www.beriain.es\/eu\/\"},{\"@type\":\"ListItem\",\"position\":2,\"name\":\"Udala\",\"item\":\"https:\/\/www.beriain.es\/eu\/udala\/\"},{\"@type\":\"ListItem\",\"position\":3,\"name\":\"Udalaren antolaketa\",\"item\":\"https:\/\/www.beriain.es\/eu\/udala\/udalaren-antolaketa\/\"},{\"@type\":\"ListItem\",\"position\":4,\"name\":\"Udal Taldeak\"}]},{\"@type\":\"WebSite\",\"@id\":\"https:\/\/www.beriain.es\/eu\/#website\",\"url\":\"https:\/\/www.beriain.es\/eu\/\",\"name\":\"Ayuntamiento de Beriain\",\"description\":\"Sitio web del Ayuntamiento de Beriain\",\"publisher\":{\"@id\":\"https:\/\/www.beriain.es\/eu\/#organization\"},\"potentialAction\":[{\"@type\":\"SearchAction\",\"target\":{\"@type\":\"EntryPoint\",\"urlTemplate\":\"https:\/\/www.beriain.es\/eu\/?s={search_term_string}\"},\"query-input\":{\"@type\":\"PropertyValueSpecification\",\"valueRequired\":true,\"valueName\":\"search_term_string\"}}],\"inLanguage\":\"eu-ES\"},{\"@type\":\"Organization\",\"@id\":\"https:\/\/www.beriain.es\/eu\/#organization\",\"name\":\"Ayuntamiento de Beriain\",\"url\":\"https:\/\/www.beriain.es\/eu\/\",\"logo\":{\"@type\":\"ImageObject\",\"inLanguage\":\"eu-ES\",\"@id\":\"https:\/\/www.beriain.es\/eu\/#\/schema\/logo\/image\/\",\"url\":\"https:\/\/www.beriain.es\/wp-content\/uploads\/2021\/09\/Escudo-Beriain-1.jpg\",\"contentUrl\":\"https:\/\/www.beriain.es\/wp-content\/uploads\/2021\/09\/Escudo-Beriain-1.jpg\",\"width\":300,\"height\":143,\"caption\":\"Ayuntamiento de Beriain\"},\"image\":{\"@id\":\"https:\/\/www.beriain.es\/eu\/#\/schema\/logo\/image\/\"},\"sameAs\":[\"https:\/\/es-es.facebook.com\/ayuntamiento.beriain\",\"https:\/\/www.instagram.com\/ayuntamientodeberiain\/\"]}]}<\/script>\r\n<!-- \/ Yoast SEO plugin. -->","yoast_head_json":{"title":"Udal Taldeak - Ayuntamiento de Beriain","robots":{"index":"index","follow":"follow","max-snippet":"max-snippet:-1","max-image-preview":"max-image-preview:large","max-video-preview":"max-video-preview:-1"},"canonical":"https:\/\/www.beriain.es\/eu\/udala\/udalaren-antolaketa\/udal-taldeak\/","og_locale":"eu_ES","og_type":"article","og_title":"Udal Taldeak - Ayuntamiento de Beriain","og_description":"1. GRUPO MUNICIPAL DE A.B. &#8211; B.A. N\u00famero de Concejales: 6. Email:\u00a0adelanteberiain@gmail.com 2. GRUPO MUNICIPAL DEL P.S.N.-P.S.O.E. &nbsp; N\u00famero de Concejales: 2. Email: psn-beriain@outlook.es 3. GRUPO MUNICIPAL DE U.P.N &nbsp; N\u00famero de Concejales: 2. Email: 4. GRUPO MUNICIPAL DE P.P. &nbsp; N\u00famero de Concejales: 1. Email:","og_url":"https:\/\/www.beriain.es\/eu\/udala\/udalaren-antolaketa\/udal-taldeak\/","og_site_name":"Ayuntamiento de Beriain","article_publisher":"https:\/\/es-es.facebook.com\/ayuntamiento.beriain","article_modified_time":"2023-06-27T15:41:30+00:00","og_image":[{"url":"https:\/\/www.beriain.es\/wp-content\/uploads\/2023\/06\/Logo_UPN_2017.svg_.png","type":"","width":"","height":""}],"twitter_card":"summary_large_image","schema":{"@context":"https:\/\/schema.org","@graph":[{"@type":"WebPage","@id":"https:\/\/www.beriain.es\/eu\/udala\/udalaren-antolaketa\/udal-taldeak\/","url":"https:\/\/www.beriain.es\/eu\/udala\/udalaren-antolaketa\/udal-taldeak\/","name":"Udal Taldeak - Ayuntamiento de Beriain","isPartOf":{"@id":"https:\/\/www.beriain.es\/eu\/#website"},"primaryImageOfPage":{"@id":"https:\/\/www.beriain.es\/eu\/udala\/udalaren-antolaketa\/udal-taldeak\/#primaryimage"},"image":{"@id":"https:\/\/www.beriain.es\/eu\/udala\/udalaren-antolaketa\/udal-taldeak\/#primaryimage"},"thumbnailUrl":"https:\/\/www.beriain.es\/wp-content\/uploads\/2023\/06\/Logo_UPN_2017.svg_.png","datePublished":"2016-01-28T10:55:38+00:00","dateModified":"2023-06-27T15:41:30+00:00","breadcrumb":{"@id":"https:\/\/www.beriain.es\/eu\/udala\/udalaren-antolaketa\/udal-taldeak\/#breadcrumb"},"inLanguage":"eu-ES","potentialAction":[{"@type":"ReadAction","target":["https:\/\/www.beriain.es\/eu\/udala\/udalaren-antolaketa\/udal-taldeak\/"]}]},{"@type":"ImageObject","inLanguage":"eu-ES","@id":"https:\/\/www.beriain.es\/eu\/udala\/udalaren-antolaketa\/udal-taldeak\/#primaryimage","url":"https:\/\/www.beriain.es\/wp-content\/uploads\/2023\/06\/Logo_UPN_2017.svg_.png","contentUrl":"https:\/\/www.beriain.es\/wp-content\/uploads\/2023\/06\/Logo_UPN_2017.svg_.png"},{"@type":"BreadcrumbList","@id":"https:\/\/www.beriain.es\/eu\/udala\/udalaren-antolaketa\/udal-taldeak\/#breadcrumb","itemListElement":[{"@type":"ListItem","position":1,"name":"Home","item":"https:\/\/www.beriain.es\/eu\/"},{"@type":"ListItem","position":2,"name":"Udala","item":"https:\/\/www.beriain.es\/eu\/udala\/"},{"@type":"ListItem","position":3,"name":"Udalaren antolaketa","item":"https:\/\/www.beriain.es\/eu\/udala\/udalaren-antolaketa\/"},{"@type":"ListItem","position":4,"name":"Udal Taldeak"}]},{"@type":"WebSite","@id":"https:\/\/www.beriain.es\/eu\/#website","url":"https:\/\/www.beriain.es\/eu\/","name":"Ayuntamiento de Beriain","description":"Sitio web del Ayuntamiento de Beriain","publisher":{"@id":"https:\/\/www.beriain.es\/eu\/#organization"},"potentialAction":[{"@type":"SearchAction","target":{"@type":"EntryPoint","urlTemplate":"https:\/\/www.beriain.es\/eu\/?s={search_term_string}"},"query-input":{"@type":"PropertyValueSpecification","valueRequired":true,"valueName":"search_term_string"}}],"inLanguage":"eu-ES"},{"@type":"Organization","@id":"https:\/\/www.beriain.es\/eu\/#organization","name":"Ayuntamiento de Beriain","url":"https:\/\/www.beriain.es\/eu\/","logo":{"@type":"ImageObject","inLanguage":"eu-ES","@id":"https:\/\/www.beriain.es\/eu\/#\/schema\/logo\/image\/","url":"https:\/\/www.beriain.es\/wp-content\/uploads\/2021\/09\/Escudo-Beriain-1.jpg","contentUrl":"https:\/\/www.beriain.es\/wp-content\/uploads\/2021\/09\/Escudo-Beriain-1.jpg","width":300,"height":143,"caption":"Ayuntamiento de Beriain"},"image":{"@id":"https:\/\/www.beriain.es\/eu\/#\/schema\/logo\/image\/"},"sameAs":["https:\/\/es-es.facebook.com\/ayuntamiento.beriain","https:\/\/www.instagram.com\/ayuntamientodeberiain\/"]}]}},"_links":{"self":[{"href":"https:\/\/www.beriain.es\/eu\/wp-json\/wp\/v2\/pages\/14584","targetHints":{"allow":["GET"]}}],"collection":[{"href":"https:\/\/www.beriain.es\/eu\/wp-json\/wp\/v2\/pages"}],"about":[{"href":"https:\/\/www.beriain.es\/eu\/wp-json\/wp\/v2\/types\/page"}],"author":[{"embeddable":true,"href":"https:\/\/www.beriain.es\/eu\/wp-json\/wp\/v2\/users\/1"}],"replies":[{"embeddable":true,"href":"https:\/\/www.beriain.es\/eu\/wp-json\/wp\/v2\/comments?post=14584"}],"version-history":[{"count":4,"href":"https:\/\/www.beriain.es\/eu\/wp-json\/wp\/v2\/pages\/14584\/revisions"}],"predecessor-version":[{"id":21333,"href":"https:\/\/www.beriain.es\/eu\/wp-json\/wp\/v2\/pages\/14584\/revisions\/21333"}],"up":[{"embeddable":true,"href":"https:\/\/www.beriain.es\/eu\/wp-json\/wp\/v2\/pages\/14569"}],"wp:attachment":[{"href":"https:\/\/www.beriain.es\/eu\/wp-json\/wp\/v2\/media?parent=14584"}],"curies":[{"name":"wp","href":"https:\/\/api.w.org\/{rel}","templated":true}]}}