{"id":14572,"date":"2016-01-28T10:26:38","date_gmt":"2016-01-28T10:26:38","guid":{"rendered":"http:\/\/www.beriain.es\/udala\/udalaren-antolaketa\/corporacion\/"},"modified":"2024-12-11T10:16:51","modified_gmt":"2024-12-11T10:16:51","slug":"korporazio","status":"publish","type":"page","link":"https:\/\/www.beriain.es\/eu\/udala\/udalaren-antolaketa\/korporazio\/","title":{"rendered":"Korporazio"},"content":{"rendered":"<table style=\"width: 588px;\" border=\"1\" summary=\"Descripci\u00f3n del nombre, cargo y partido pol\u00edtico de los componentes de la Corporaci\u00f3n Municipal\">\n<tbody>\n<tr>\n<th id=\"1020\" style=\"width: 137px;\">Kargua<\/th>\n<th id=\"1021\" style=\"width: 308px;\">Izena<\/th>\n<th id=\"1022\" style=\"width: 143px;\">Alderdi Politikoa<\/th>\n<\/tr>\n<tr>\n<td style=\"width: 137px;\" headers=\"1020\">Alkate-udalburua<\/td>\n<td style=\"width: 308px;\" headers=\"1021\">Don Jos\u00e9 Manuel Men\u00e9ndez Gonz\u00e1lez<\/td>\n<td style=\"width: 143px;\" headers=\"1022\"><acronym title=\"Partido Socialista de Navarra\"><acronym title=\"Alternativa Municipal Independiente de Beri\u00e1in\">A.B.-B.A.<\/acronym><\/acronym><\/td>\n<\/tr>\n<tr>\n<td style=\"width: 137px;\" headers=\"1020\">Zinegotzia<\/td>\n<td style=\"width: 308px;\" headers=\"1021\">Do\u00f1a Anna Isabel Llamas Monta\u00f1a<\/td>\n<td style=\"width: 143px;\" headers=\"1022\"><acronym title=\"Alternativa Municipal Independiente de Beri\u00e1in\">A.B.-B.A.<\/acronym><\/td>\n<\/tr>\n<tr>\n<td style=\"width: 137px;\" headers=\"1020\">Zinegotzia<\/td>\n<td style=\"width: 308px;\" headers=\"1021\">Don Santiago Marcos Lorenzo<\/td>\n<td style=\"width: 143px;\" headers=\"1022\"><acronym title=\"Alternativa Municipal Independiente de Beri\u00e1in\">A.B.-B.A.<\/acronym><\/td>\n<\/tr>\n<tr>\n<td style=\"width: 137px;\" headers=\"1020\">Zinegotzia<\/td>\n<td style=\"width: 308px;\" headers=\"1021\">Don Juan Francisco Duque Novella<\/td>\n<td style=\"width: 143px;\" headers=\"1022\"><acronym title=\"Alternativa Municipal Independiente de Beri\u00e1in\">A.B.-B.A.<\/acronym><\/td>\n<\/tr>\n<tr>\n<td style=\"width: 137px;\" headers=\"1020\">Zinegotzia<\/td>\n<td style=\"width: 308px;\" headers=\"1021\">Do\u00f1a Cristina Gar\u00edn Fern\u00e1ndez<\/td>\n<td style=\"width: 143px;\" headers=\"1022\"><acronym title=\"Alternativa Municipal Independiente de Beri\u00e1in\">A.B.-B.A.<\/acronym><\/td>\n<\/tr>\n<tr>\n<td style=\"width: 137px;\" headers=\"1020\">Zinegotzia<\/td>\n<td style=\"width: 308px;\" headers=\"1021\">Don \u00c1ngel Pizarro Bejarano<\/td>\n<td style=\"width: 143px;\" headers=\"1022\"><acronym title=\"Nafarroa Bai\"><acronym title=\"Alternativa Municipal Independiente de Beri\u00e1in\">A.B.-B.A.<\/acronym><\/acronym><\/td>\n<\/tr>\n<tr>\n<td style=\"width: 137px;\" headers=\"1020\">Zinegotzia<\/td>\n<td style=\"width: 308px;\" headers=\"1021\">Don Ricardo Hern\u00e1ndez Palomino<\/td>\n<td style=\"width: 143px;\" headers=\"1022\">UPN<\/td>\n<\/tr>\n<tr>\n<td style=\"width: 137px;\" headers=\"1020\">Zinegotzia<\/td>\n<td style=\"width: 308px;\" headers=\"1021\">Do\u00f1a Eva Campos Salmer\u00f3n<\/td>\n<td style=\"width: 143px;\" headers=\"1022\">UPN<\/td>\n<\/tr>\n<tr>\n<td style=\"width: 137px;\" headers=\"1020\">Zinegotzia<\/td>\n<td style=\"width: 308px;\" headers=\"1021\">Do\u00f1a Solangel Heidi Quintana Di Blasi<\/td>\n<td style=\"width: 143px;\" headers=\"1022\">PSN-PSOE<\/td>\n<\/tr>\n<tr>\n<td style=\"width: 137px;\" headers=\"1020\">Zinegotzia<\/td>\n<td style=\"width: 308px;\" headers=\"1021\">Don Jorge Rico V\u00e1zquez<\/td>\n<td style=\"width: 143px;\" headers=\"1022\">PSN-PSOE<\/td>\n<\/tr>\n<tr>\n<td style=\"width: 137px;\" headers=\"1020\">Zinegotzia<\/td>\n<td style=\"width: 308px;\" headers=\"1021\">Don Iv\u00e1n Casta\u00f1o G\u00f3mez<\/td>\n<td style=\"width: 143px;\" headers=\"1022\"><acronym title=\"Izquierda Unida de Navarra\">PP<\/acronym><\/td>\n<\/tr>\n<tr>\n<td style=\"width: 137px;\" headers=\"1020\">Idazkaria<\/td>\n<td style=\"width: 308px;\" headers=\"1021\">Don C\u00e9sar Suescun Garc\u00eda<\/td>\n<td style=\"width: 143px;\" headers=\"1022\">\u00a0&#8211; &#8211; &#8211; &#8211; &#8211;<\/td>\n<\/tr>\n<\/tbody>\n<\/table>\n<p>&nbsp;<\/p>\n","protected":false},"excerpt":{"rendered":"<p>Kargua Izena Alderdi Politikoa Alkate-udalburua Don Jos\u00e9 Manuel Men\u00e9ndez Gonz\u00e1lez A.B.-B.A. Zinegotzia Do\u00f1a Anna Isabel Llamas Monta\u00f1a A.B.-B.A. Zinegotzia Don Santiago Marcos Lorenzo A.B.-B.A. Zinegotzia Don Juan Francisco Duque Novella A.B.-B.A. Zinegotzia Do\u00f1a Cristina Gar\u00edn Fern\u00e1ndez A.B.-B.A. Zinegotzia Don \u00c1ngel Pizarro Bejarano A.B.-B.A. Zinegotzia Don Ricardo Hern\u00e1ndez Palomino UPN Zinegotzia Do\u00f1a Eva Campos Salmer\u00f3n UPN [&hellip;]<\/p>\n","protected":false},"author":1,"featured_media":0,"parent":14569,"menu_order":0,"comment_status":"closed","ping_status":"closed","template":"","meta":{"_exactmetrics_skip_tracking":false,"_exactmetrics_sitenote_active":false,"_exactmetrics_sitenote_note":"","_exactmetrics_sitenote_category":0,"footnotes":""},"class_list":["post-14572","page","type-page","status-publish","hentry"],"yoast_head":"<!-- This site is optimized with the Yoast SEO plugin v26.5 - https:\/\/yoast.com\/wordpress\/plugins\/seo\/ -->\r\n<title>Korporazio - Ayuntamiento de Beriain<\/title>\r\n<meta name=\"robots\" content=\"index, follow, max-snippet:-1, max-image-preview:large, max-video-preview:-1\" \/>\r\n<link rel=\"canonical\" href=\"https:\/\/www.beriain.es\/eu\/udala\/udalaren-antolaketa\/korporazio\/\" \/>\r\n<meta property=\"og:locale\" content=\"eu_ES\" \/>\r\n<meta property=\"og:type\" content=\"article\" \/>\r\n<meta property=\"og:title\" content=\"Korporazio - Ayuntamiento de Beriain\" \/>\r\n<meta property=\"og:description\" content=\"Kargua Izena Alderdi Politikoa Alkate-udalburua Don Jos\u00e9 Manuel Men\u00e9ndez Gonz\u00e1lez A.B.-B.A. Zinegotzia Do\u00f1a Anna Isabel Llamas Monta\u00f1a A.B.-B.A. Zinegotzia Don Santiago Marcos Lorenzo A.B.-B.A. Zinegotzia Don Juan Francisco Duque Novella A.B.-B.A. Zinegotzia Do\u00f1a Cristina Gar\u00edn Fern\u00e1ndez A.B.-B.A. Zinegotzia Don \u00c1ngel Pizarro Bejarano A.B.-B.A. Zinegotzia Don Ricardo Hern\u00e1ndez Palomino UPN Zinegotzia Do\u00f1a Eva Campos Salmer\u00f3n UPN [&hellip;]\" \/>\r\n<meta property=\"og:url\" content=\"https:\/\/www.beriain.es\/eu\/udala\/udalaren-antolaketa\/korporazio\/\" \/>\r\n<meta property=\"og:site_name\" content=\"Ayuntamiento de Beriain\" \/>\r\n<meta property=\"article:publisher\" content=\"https:\/\/es-es.facebook.com\/ayuntamiento.beriain\" \/>\r\n<meta property=\"article:modified_time\" content=\"2024-12-11T10:16:51+00:00\" \/>\r\n<meta name=\"twitter:card\" content=\"summary_large_image\" \/>\r\n<meta name=\"twitter:label1\" content=\"Est. reading time\" \/>\n\t<meta name=\"twitter:data1\" content=\"1 minute\" \/>\r\n<script type=\"application\/ld+json\" class=\"yoast-schema-graph\">{\"@context\":\"https:\/\/schema.org\",\"@graph\":[{\"@type\":\"WebPage\",\"@id\":\"https:\/\/www.beriain.es\/eu\/udala\/udalaren-antolaketa\/korporazio\/\",\"url\":\"https:\/\/www.beriain.es\/eu\/udala\/udalaren-antolaketa\/korporazio\/\",\"name\":\"Korporazio - Ayuntamiento de Beriain\",\"isPartOf\":{\"@id\":\"https:\/\/www.beriain.es\/eu\/#website\"},\"datePublished\":\"2016-01-28T10:26:38+00:00\",\"dateModified\":\"2024-12-11T10:16:51+00:00\",\"breadcrumb\":{\"@id\":\"https:\/\/www.beriain.es\/eu\/udala\/udalaren-antolaketa\/korporazio\/#breadcrumb\"},\"inLanguage\":\"eu-ES\",\"potentialAction\":[{\"@type\":\"ReadAction\",\"target\":[\"https:\/\/www.beriain.es\/eu\/udala\/udalaren-antolaketa\/korporazio\/\"]}]},{\"@type\":\"BreadcrumbList\",\"@id\":\"https:\/\/www.beriain.es\/eu\/udala\/udalaren-antolaketa\/korporazio\/#breadcrumb\",\"itemListElement\":[{\"@type\":\"ListItem\",\"position\":1,\"name\":\"Home\",\"item\":\"https:\/\/www.beriain.es\/eu\/\"},{\"@type\":\"ListItem\",\"position\":2,\"name\":\"Udala\",\"item\":\"https:\/\/www.beriain.es\/eu\/udala\/\"},{\"@type\":\"ListItem\",\"position\":3,\"name\":\"Udalaren antolaketa\",\"item\":\"https:\/\/www.beriain.es\/eu\/udala\/udalaren-antolaketa\/\"},{\"@type\":\"ListItem\",\"position\":4,\"name\":\"Korporazio\"}]},{\"@type\":\"WebSite\",\"@id\":\"https:\/\/www.beriain.es\/eu\/#website\",\"url\":\"https:\/\/www.beriain.es\/eu\/\",\"name\":\"Ayuntamiento de Beriain\",\"description\":\"Sitio web del Ayuntamiento de Beriain\",\"publisher\":{\"@id\":\"https:\/\/www.beriain.es\/eu\/#organization\"},\"potentialAction\":[{\"@type\":\"SearchAction\",\"target\":{\"@type\":\"EntryPoint\",\"urlTemplate\":\"https:\/\/www.beriain.es\/eu\/?s={search_term_string}\"},\"query-input\":{\"@type\":\"PropertyValueSpecification\",\"valueRequired\":true,\"valueName\":\"search_term_string\"}}],\"inLanguage\":\"eu-ES\"},{\"@type\":\"Organization\",\"@id\":\"https:\/\/www.beriain.es\/eu\/#organization\",\"name\":\"Ayuntamiento de Beriain\",\"url\":\"https:\/\/www.beriain.es\/eu\/\",\"logo\":{\"@type\":\"ImageObject\",\"inLanguage\":\"eu-ES\",\"@id\":\"https:\/\/www.beriain.es\/eu\/#\/schema\/logo\/image\/\",\"url\":\"https:\/\/www.beriain.es\/wp-content\/uploads\/2021\/09\/Escudo-Beriain-1.jpg\",\"contentUrl\":\"https:\/\/www.beriain.es\/wp-content\/uploads\/2021\/09\/Escudo-Beriain-1.jpg\",\"width\":300,\"height\":143,\"caption\":\"Ayuntamiento de Beriain\"},\"image\":{\"@id\":\"https:\/\/www.beriain.es\/eu\/#\/schema\/logo\/image\/\"},\"sameAs\":[\"https:\/\/es-es.facebook.com\/ayuntamiento.beriain\",\"https:\/\/www.instagram.com\/ayuntamientodeberiain\/\"]}]}<\/script>\r\n<!-- \/ Yoast SEO plugin. -->","yoast_head_json":{"title":"Korporazio - Ayuntamiento de Beriain","robots":{"index":"index","follow":"follow","max-snippet":"max-snippet:-1","max-image-preview":"max-image-preview:large","max-video-preview":"max-video-preview:-1"},"canonical":"https:\/\/www.beriain.es\/eu\/udala\/udalaren-antolaketa\/korporazio\/","og_locale":"eu_ES","og_type":"article","og_title":"Korporazio - Ayuntamiento de Beriain","og_description":"Kargua Izena Alderdi Politikoa Alkate-udalburua Don Jos\u00e9 Manuel Men\u00e9ndez Gonz\u00e1lez A.B.-B.A. Zinegotzia Do\u00f1a Anna Isabel Llamas Monta\u00f1a A.B.-B.A. Zinegotzia Don Santiago Marcos Lorenzo A.B.-B.A. Zinegotzia Don Juan Francisco Duque Novella A.B.-B.A. Zinegotzia Do\u00f1a Cristina Gar\u00edn Fern\u00e1ndez A.B.-B.A. Zinegotzia Don \u00c1ngel Pizarro Bejarano A.B.-B.A. Zinegotzia Don Ricardo Hern\u00e1ndez Palomino UPN Zinegotzia Do\u00f1a Eva Campos Salmer\u00f3n UPN [&hellip;]","og_url":"https:\/\/www.beriain.es\/eu\/udala\/udalaren-antolaketa\/korporazio\/","og_site_name":"Ayuntamiento de Beriain","article_publisher":"https:\/\/es-es.facebook.com\/ayuntamiento.beriain","article_modified_time":"2024-12-11T10:16:51+00:00","twitter_card":"summary_large_image","twitter_misc":{"Est. reading time":"1 minute"},"schema":{"@context":"https:\/\/schema.org","@graph":[{"@type":"WebPage","@id":"https:\/\/www.beriain.es\/eu\/udala\/udalaren-antolaketa\/korporazio\/","url":"https:\/\/www.beriain.es\/eu\/udala\/udalaren-antolaketa\/korporazio\/","name":"Korporazio - Ayuntamiento de Beriain","isPartOf":{"@id":"https:\/\/www.beriain.es\/eu\/#website"},"datePublished":"2016-01-28T10:26:38+00:00","dateModified":"2024-12-11T10:16:51+00:00","breadcrumb":{"@id":"https:\/\/www.beriain.es\/eu\/udala\/udalaren-antolaketa\/korporazio\/#breadcrumb"},"inLanguage":"eu-ES","potentialAction":[{"@type":"ReadAction","target":["https:\/\/www.beriain.es\/eu\/udala\/udalaren-antolaketa\/korporazio\/"]}]},{"@type":"BreadcrumbList","@id":"https:\/\/www.beriain.es\/eu\/udala\/udalaren-antolaketa\/korporazio\/#breadcrumb","itemListElement":[{"@type":"ListItem","position":1,"name":"Home","item":"https:\/\/www.beriain.es\/eu\/"},{"@type":"ListItem","position":2,"name":"Udala","item":"https:\/\/www.beriain.es\/eu\/udala\/"},{"@type":"ListItem","position":3,"name":"Udalaren antolaketa","item":"https:\/\/www.beriain.es\/eu\/udala\/udalaren-antolaketa\/"},{"@type":"ListItem","position":4,"name":"Korporazio"}]},{"@type":"WebSite","@id":"https:\/\/www.beriain.es\/eu\/#website","url":"https:\/\/www.beriain.es\/eu\/","name":"Ayuntamiento de Beriain","description":"Sitio web del Ayuntamiento de Beriain","publisher":{"@id":"https:\/\/www.beriain.es\/eu\/#organization"},"potentialAction":[{"@type":"SearchAction","target":{"@type":"EntryPoint","urlTemplate":"https:\/\/www.beriain.es\/eu\/?s={search_term_string}"},"query-input":{"@type":"PropertyValueSpecification","valueRequired":true,"valueName":"search_term_string"}}],"inLanguage":"eu-ES"},{"@type":"Organization","@id":"https:\/\/www.beriain.es\/eu\/#organization","name":"Ayuntamiento de Beriain","url":"https:\/\/www.beriain.es\/eu\/","logo":{"@type":"ImageObject","inLanguage":"eu-ES","@id":"https:\/\/www.beriain.es\/eu\/#\/schema\/logo\/image\/","url":"https:\/\/www.beriain.es\/wp-content\/uploads\/2021\/09\/Escudo-Beriain-1.jpg","contentUrl":"https:\/\/www.beriain.es\/wp-content\/uploads\/2021\/09\/Escudo-Beriain-1.jpg","width":300,"height":143,"caption":"Ayuntamiento de Beriain"},"image":{"@id":"https:\/\/www.beriain.es\/eu\/#\/schema\/logo\/image\/"},"sameAs":["https:\/\/es-es.facebook.com\/ayuntamiento.beriain","https:\/\/www.instagram.com\/ayuntamientodeberiain\/"]}]}},"_links":{"self":[{"href":"https:\/\/www.beriain.es\/eu\/wp-json\/wp\/v2\/pages\/14572","targetHints":{"allow":["GET"]}}],"collection":[{"href":"https:\/\/www.beriain.es\/eu\/wp-json\/wp\/v2\/pages"}],"about":[{"href":"https:\/\/www.beriain.es\/eu\/wp-json\/wp\/v2\/types\/page"}],"author":[{"embeddable":true,"href":"https:\/\/www.beriain.es\/eu\/wp-json\/wp\/v2\/users\/1"}],"replies":[{"embeddable":true,"href":"https:\/\/www.beriain.es\/eu\/wp-json\/wp\/v2\/comments?post=14572"}],"version-history":[{"count":4,"href":"https:\/\/www.beriain.es\/eu\/wp-json\/wp\/v2\/pages\/14572\/revisions"}],"predecessor-version":[{"id":25100,"href":"https:\/\/www.beriain.es\/eu\/wp-json\/wp\/v2\/pages\/14572\/revisions\/25100"}],"up":[{"embeddable":true,"href":"https:\/\/www.beriain.es\/eu\/wp-json\/wp\/v2\/pages\/14569"}],"wp:attachment":[{"href":"https:\/\/www.beriain.es\/eu\/wp-json\/wp\/v2\/media?parent=14572"}],"curies":[{"name":"wp","href":"https:\/\/api.w.org\/{rel}","templated":true}]}}